{"id":6758,"date":"2017-04-06T12:38:13","date_gmt":"2017-04-06T10:38:13","guid":{"rendered":"http:\/\/blog.empikfoto.pl\/?page_id=6758"},"modified":"2019-06-26T13:19:24","modified_gmt":"2019-06-26T11:19:24","slug":"strona-glowna","status":"publish","type":"page","link":"https:\/\/www.empikfoto.com\/blog\/","title":{"rendered":"Strona g\u0142\u00f3wna"},"content":{"rendered":"","protected":false},"excerpt":{"rendered":"","protected":false},"author":15,"featured_media":0,"parent":0,"menu_order":0,"comment_status":"closed","ping_status":"closed","template":"homepage.php","meta":[],"yoast_head":"<!-- This site is optimized with the Yoast SEO plugin v18.9 - https:\/\/yoast.com\/wordpress\/plugins\/seo\/ -->\n<title>Get your daily photo inspiration with Empik Foto Blog<\/title>\n<meta name=\"description\" content=\"On blog.empikfoto.com you can find inspiration, DIY gift ideas, tips and much more. Get your daily photo inspiration with Empik Foto Blog!\" \/>\n<meta name=\"robots\" content=\"index, follow, max-snippet:-1, max-image-preview:large, max-video-preview:-1\" \/>\n<link rel=\"canonical\" href=\"https:\/\/www.empikfoto.com\/blog\/\" \/>\n<meta property=\"og:locale\" content=\"en_US\" \/>\n<meta property=\"og:type\" content=\"article\" \/>\n<meta property=\"og:title\" content=\"Blog.empikfoto.pl | ZAINSPIRUJ SI\u0118!\" \/>\n<meta property=\"og:description\" content=\"Zainspiruj si\u0119! Na blog.empikfoto.pl znajdziesz inspiracje, pomys\u0142y na prezenty DIY, poradniki fotograficzne i lifestyle&#039;owe artyku\u0142y nie tylko o fotografii.\" \/>\n<meta property=\"og:url\" content=\"https:\/\/www.empikfoto.com\/blog\/\" \/>\n<meta property=\"og:site_name\" content=\"blog.empikfoto.com\" \/>\n<meta property=\"article:publisher\" content=\"https:\/\/www.facebook.com\/empikfotopl\/\" \/>\n<meta property=\"article:modified_time\" content=\"2019-06-26T11:19:24+00:00\" \/>\n<meta property=\"og:image\" content=\"https:\/\/blog.empikfoto.com\/empikfoto\/2017\/04\/Blogempikfotopl_FB.png\" \/>\n<meta name=\"twitter:card\" content=\"summary\" \/>\n<meta name=\"twitter:site\" content=\"@empikfoto\" \/>\n<script type=\"application\/ld+json\" class=\"yoast-schema-graph\">{\"@context\":\"https:\/\/schema.org\",\"@graph\":[{\"@type\":\"WebSite\",\"@id\":\"https:\/\/www.empikfoto.com\/blog\/#website\",\"url\":\"https:\/\/www.empikfoto.com\/blog\/\",\"name\":\"blog.empikfoto.com\",\"description\":\"Get inspired! Find out new ways to make personalized gifts and keep your memories alive.\",\"potentialAction\":[{\"@type\":\"SearchAction\",\"target\":{\"@type\":\"EntryPoint\",\"urlTemplate\":\"https:\/\/www.empikfoto.com\/blog\/?s={search_term_string}\"},\"query-input\":\"required name=search_term_string\"}],\"inLanguage\":\"en-US\"},{\"@type\":\"ImageObject\",\"inLanguage\":\"en-US\",\"@id\":\"https:\/\/www.empikfoto.com\/blog\/#primaryimage\",\"url\":\"\",\"contentUrl\":\"\"},{\"@type\":\"WebPage\",\"@id\":\"https:\/\/www.empikfoto.com\/blog\/#webpage\",\"url\":\"https:\/\/www.empikfoto.com\/blog\/\",\"name\":\"Get your daily photo inspiration with Empik Foto Blog\",\"isPartOf\":{\"@id\":\"https:\/\/www.empikfoto.com\/blog\/#website\"},\"primaryImageOfPage\":{\"@id\":\"https:\/\/www.empikfoto.com\/blog\/#primaryimage\"},\"datePublished\":\"2017-04-06T10:38:13+00:00\",\"dateModified\":\"2019-06-26T11:19:24+00:00\",\"description\":\"On blog.empikfoto.com you can find inspiration, DIY gift ideas, tips and much more. Get your daily photo inspiration with Empik Foto Blog!\",\"breadcrumb\":{\"@id\":\"https:\/\/www.empikfoto.com\/blog\/#breadcrumb\"},\"inLanguage\":\"en-US\",\"potentialAction\":[{\"@type\":\"ReadAction\",\"target\":[\"https:\/\/www.empikfoto.com\/blog\/\"]}]},{\"@type\":\"BreadcrumbList\",\"@id\":\"https:\/\/www.empikfoto.com\/blog\/#breadcrumb\",\"itemListElement\":[{\"@type\":\"ListItem\",\"position\":1,\"name\":\"Strona g\u0142\u00f3wna\",\"item\":\"https:\/\/www.empikfoto.com\/blog\/\"},{\"@type\":\"ListItem\",\"position\":2,\"name\":\"Strona g\u0142\u00f3wna\"}]}]}<\/script>\n<!-- \/ Yoast SEO plugin. -->","yoast_head_json":{"title":"Get your daily photo inspiration with Empik Foto Blog","description":"On blog.empikfoto.com you can find inspiration, DIY gift ideas, tips and much more. Get your daily photo inspiration with Empik Foto Blog!","robots":{"index":"index","follow":"follow","max-snippet":"max-snippet:-1","max-image-preview":"max-image-preview:large","max-video-preview":"max-video-preview:-1"},"canonical":"https:\/\/www.empikfoto.com\/blog\/","og_locale":"en_US","og_type":"article","og_title":"Blog.empikfoto.pl | ZAINSPIRUJ SI\u0118!","og_description":"Zainspiruj si\u0119! Na blog.empikfoto.pl znajdziesz inspiracje, pomys\u0142y na prezenty DIY, poradniki fotograficzne i lifestyle'owe artyku\u0142y nie tylko o fotografii.","og_url":"https:\/\/www.empikfoto.com\/blog\/","og_site_name":"blog.empikfoto.com","article_publisher":"https:\/\/www.facebook.com\/empikfotopl\/","article_modified_time":"2019-06-26T11:19:24+00:00","og_image":[{"url":"https:\/\/blog.empikfoto.com\/empikfoto\/2017\/04\/Blogempikfotopl_FB.png"}],"twitter_card":"summary","twitter_site":"@empikfoto","schema":{"@context":"https:\/\/schema.org","@graph":[{"@type":"WebSite","@id":"https:\/\/www.empikfoto.com\/blog\/#website","url":"https:\/\/www.empikfoto.com\/blog\/","name":"blog.empikfoto.com","description":"Get inspired! Find out new ways to make personalized gifts and keep your memories alive.","potentialAction":[{"@type":"SearchAction","target":{"@type":"EntryPoint","urlTemplate":"https:\/\/www.empikfoto.com\/blog\/?s={search_term_string}"},"query-input":"required name=search_term_string"}],"inLanguage":"en-US"},{"@type":"ImageObject","inLanguage":"en-US","@id":"https:\/\/www.empikfoto.com\/blog\/#primaryimage","url":"","contentUrl":""},{"@type":"WebPage","@id":"https:\/\/www.empikfoto.com\/blog\/#webpage","url":"https:\/\/www.empikfoto.com\/blog\/","name":"Get your daily photo inspiration with Empik Foto Blog","isPartOf":{"@id":"https:\/\/www.empikfoto.com\/blog\/#website"},"primaryImageOfPage":{"@id":"https:\/\/www.empikfoto.com\/blog\/#primaryimage"},"datePublished":"2017-04-06T10:38:13+00:00","dateModified":"2019-06-26T11:19:24+00:00","description":"On blog.empikfoto.com you can find inspiration, DIY gift ideas, tips and much more. Get your daily photo inspiration with Empik Foto Blog!","breadcrumb":{"@id":"https:\/\/www.empikfoto.com\/blog\/#breadcrumb"},"inLanguage":"en-US","potentialAction":[{"@type":"ReadAction","target":["https:\/\/www.empikfoto.com\/blog\/"]}]},{"@type":"BreadcrumbList","@id":"https:\/\/www.empikfoto.com\/blog\/#breadcrumb","itemListElement":[{"@type":"ListItem","position":1,"name":"Strona g\u0142\u00f3wna","item":"https:\/\/www.empikfoto.com\/blog\/"},{"@type":"ListItem","position":2,"name":"Strona g\u0142\u00f3wna"}]}]}},"_links":{"self":[{"href":"https:\/\/www.empikfoto.com\/blog\/wp-json\/wp\/v2\/pages\/6758"}],"collection":[{"href":"https:\/\/www.empikfoto.com\/blog\/wp-json\/wp\/v2\/pages"}],"about":[{"href":"https:\/\/www.empikfoto.com\/blog\/wp-json\/wp\/v2\/types\/page"}],"author":[{"embeddable":true,"href":"https:\/\/www.empikfoto.com\/blog\/wp-json\/wp\/v2\/users\/15"}],"replies":[{"embeddable":true,"href":"https:\/\/www.empikfoto.com\/blog\/wp-json\/wp\/v2\/comments?post=6758"}],"version-history":[{"count":2,"href":"https:\/\/www.empikfoto.com\/blog\/wp-json\/wp\/v2\/pages\/6758\/revisions"}],"predecessor-version":[{"id":6760,"href":"https:\/\/www.empikfoto.com\/blog\/wp-json\/wp\/v2\/pages\/6758\/revisions\/6760"}],"wp:attachment":[{"href":"https:\/\/www.empikfoto.com\/blog\/wp-json\/wp\/v2\/media?parent=6758"}],"curies":[{"name":"wp","href":"https:\/\/api.w.org\/{rel}","templated":true}]}}